{"id":787,"date":"2022-11-23T18:25:43","date_gmt":"2022-11-23T17:25:43","guid":{"rendered":"https:\/\/cloudwire.fr\/?page_id=787"},"modified":"2024-10-18T16:29:02","modified_gmt":"2024-10-18T14:29:02","slug":"services","status":"publish","type":"page","link":"https:\/\/cloudwire.fr\/index.php\/colibri-wp\/services\/","title":{"rendered":"Services Cloudwire"},"content":{"rendered":"\n<p class=\"has-text-align-center has-large-font-size\"><strong>Virtual Private Server<\/strong> (VPS)<\/p>\n\n\n\n<p class=\"has-text-align-center\">H\u00e9bergez vos donn\u00e9es en toute s\u00e9curit\u00e9 sur nos serveurs priv\u00e9s virtuels. Les serveurs priv\u00e9s virtuels (VPS) haute performance offrent une solution fiable et s\u00e9curis\u00e9e pour h\u00e9berger vos applications, vous pouvez externaliser vos donn\u00e9es en toute confiance. Profitez d&#8217;un environnement isol\u00e9 et d\u00e9di\u00e9, garantissant la confidentialit\u00e9 et l&#8217;int\u00e9grit\u00e9 de vos informations sensibles.<br>Nos offres de serveurs virtuels sont des solutions haute performance, parfaitement s\u00e9curis\u00e9es et rapides \u00e0 d\u00e9ployer.<\/p>\n\n\n\n<p class=\"has-text-align-center has-large-font-size\"><strong>Virtual Machine<\/strong> (VM)<\/p>\n\n\n\n<p class=\"has-text-align-center\">Les machines virtuelles offrent une capacit\u00e9 de calcul s\u00e9curis\u00e9e et flexible dans le cloud, depuis n&#8217;importe quel terminal et partout dans le monde. On vous propose des solutions de machines virtuelles permettant de d\u00e9ployer :<\/p>\n\n\n\n<p class=\"has-text-align-center\">Poste de travail virtuels;<\/p>\n\n\n\n<p class=\"has-text-align-center\">Bureaux virtuels.<\/p>\n\n\n\n<p class=\"has-text-align-center\">Accessibles de mani\u00e8re s\u00e9curis\u00e9e depuis n&#8217;importe quelle machine physique, qu&#8217;elle soit personnelle ou professionnelle, ces machines virtuelles permettent vos employ\u00e9s, qu&#8217;ils soient en entreprise, en t\u00e9l\u00e9travail ou externalis\u00e9s, d&#8217;acc\u00e9der \u00e0 toutes vos applications sans compromettre la s\u00e9curit\u00e9.<\/p>\n\n\n\n<div style=\"height:100px\" aria-hidden=\"true\" class=\"wp-block-spacer\"><\/div>\n\n\n\n<figure class=\"wp-block-gallery aligncenter has-nested-images columns-default is-cropped wp-block-gallery-1 is-layout-flex wp-block-gallery-is-layout-flex\">\n<figure class=\"wp-block-image size-full\"><img loading=\"lazy\" decoding=\"async\" width=\"1177\" height=\"390\" data-id=\"937\" src=\"https:\/\/cloudwire.fr\/wp-content\/uploads\/2024\/10\/cloudprive-3.png\" alt=\"\" class=\"wp-image-937\" srcset=\"https:\/\/cloudwire.fr\/wp-content\/uploads\/2024\/10\/cloudprive-3.png 1177w, https:\/\/cloudwire.fr\/wp-content\/uploads\/2024\/10\/cloudprive-3-300x99.png 300w, https:\/\/cloudwire.fr\/wp-content\/uploads\/2024\/10\/cloudprive-3-1024x339.png 1024w, https:\/\/cloudwire.fr\/wp-content\/uploads\/2024\/10\/cloudprive-3-768x254.png 768w\" sizes=\"auto, (max-width: 1177px) 100vw, 1177px\" \/><\/figure>\n<\/figure>\n\n\n\n<div style=\"height:100px\" aria-hidden=\"true\" class=\"wp-block-spacer\"><\/div>\n\n\n\n<p class=\"has-text-align-center has-medium-font-size\"><strong>Sauvegarde en x3, sur les locations diff\u00e9rentes, pour assurer la continuit\u00e9 de votre business sans perte de donn\u00e9es.<\/strong><\/p>\n\n\n\n<p class=\"has-text-align-center has-medium-font-size\"><strong>Une infrastructure r\u00e9seau s\u00e9curis\u00e9, de bout-en-bout, du LAN filaire ou WiFi et Pare-feux jusqu&#8217;au sauvegarde de vos donn\u00e9es.<\/strong><\/p>\n\n\n\n<div style=\"height:100px\" aria-hidden=\"true\" class=\"wp-block-spacer\"><\/div>\n\n\n\n<p class=\"has-text-align-center has-large-font-size\"><strong>VoIP T\u00e9l\u00e9phonie<\/strong> (VoIP)<\/p>\n\n\n\n<p class=\"has-text-align-center\">Restez joignable partout dans le monde et b\u00e9n\u00e9ficiez d&#8217;une solution de t\u00e9l\u00e9communications haut de gamme, claire et performante gr\u00e2ce \u00e0 la technologie VOIP (Voice Over Internet Protocol ou Voix sur IP)<strong>. <\/strong><\/p>\n\n\n\n<p class=\"has-text-align-center\">Un syst\u00e8me de t\u00e9l\u00e9phonie par voix sur IP pour recevoir et passer des appels t\u00e9l\u00e9phoniques fixes et mobiles de l&#8217;entreprise, quelle que soit votre localisation g\u00e9ographique et le dispositif utilis\u00e9 (t\u00e9l\u00e9phones IP, ordinateurs fixes, ordinateurs portables, tablettes, smartphones).<br>Profitez d&#8217;un syst\u00e8me de communication flexible avec un son HD. Lib\u00e9rez-vous des contraintes des op\u00e9rateurs (liaisons physiques, interventions techniques, migration). Vous b\u00e9n\u00e9ficierez ainsi d&#8217;une totale libert\u00e9 pour votre future croissance ou vos \u00e9ventuels changements de site.<\/p>\n\n\n\n<div style=\"height:100px\" aria-hidden=\"true\" class=\"wp-block-spacer\"><\/div>\n\n\n\n<div class=\"wp-block-media-text is-stacked-on-mobile\"><figure class=\"wp-block-media-text__media\"><img loading=\"lazy\" decoding=\"async\" width=\"300\" height=\"237\" src=\"https:\/\/cloudwire.fr\/wp-content\/uploads\/2024\/10\/software_migration-1-300x237.jpg\" alt=\"\" class=\"wp-image-942 size-medium\" srcset=\"https:\/\/cloudwire.fr\/wp-content\/uploads\/2024\/10\/software_migration-1-300x237.jpg 300w, https:\/\/cloudwire.fr\/wp-content\/uploads\/2024\/10\/software_migration-1.jpg 705w\" sizes=\"auto, (max-width: 300px) 100vw, 300px\" \/><\/figure><div class=\"wp-block-media-text__content\">\n<p class=\"has-large-font-size\"><strong>Service Proxmox<\/strong><\/p>\n\n\n\n<p class=\"has-medium-font-size\"><strong>Besoin d&#8217;un alternatif \u00e0 Vmware?<\/strong><\/p>\n\n\n\n<p>Pourquoi pas Proxmox? Un alternatif, fiable, opensource et sans licence.<\/p>\n\n\n\n<p>Cloudwire offre ce service de migration vers un cluster Proxmox, avec le stockage CEPH et\/ou NFS. Contactez Cloudwire pour plus d&#8217;informations.<\/p>\n<\/div><\/div>\n\n\n\n<div style=\"height:100px\" aria-hidden=\"true\" class=\"wp-block-spacer\"><\/div>\n\n\n\n<p class=\"has-text-align-center has-medium-font-size\">Contactez Cloudwire<\/p>\n\n\n\n<p class=\"has-text-align-center has-medium-font-size\">Mobile: +33 6 29 63 43 57<\/p>\n\n\n\n<p class=\"has-text-align-center has-medium-font-size\">T\u00e9l: +33 4 93 89 19 94<\/p>\n\n\n\n<p class=\"has-text-align-center has-medium-font-size\">Email: info@cloudwire.fr<\/p>\n\n\n\n<div style=\"height:100px\" aria-hidden=\"true\" class=\"wp-block-spacer\"><\/div>\n\n\n\n<p><\/p>\n","protected":false},"excerpt":{"rendered":"<p>Virtual Private Server (VPS) H\u00e9bergez vos donn\u00e9es en toute s\u00e9curit\u00e9 sur nos serveurs priv\u00e9s virtuels. Les serveurs priv\u00e9s virtuels (VPS) haute performance offrent une solution fiable et s\u00e9curis\u00e9e pour h\u00e9berger vos applications, vous pouvez externaliser vos donn\u00e9es en toute confiance. Profitez d&#8217;un environnement isol\u00e9 et d\u00e9di\u00e9, garantissant la confidentialit\u00e9 et l&#8217;int\u00e9grit\u00e9 de vos informations sensibles.Nos [&hellip;]<\/p>\n","protected":false},"author":1,"featured_media":0,"parent":32,"menu_order":0,"comment_status":"closed","ping_status":"closed","template":"","meta":{"footnotes":""},"class_list":["post-787","page","type-page","status-publish","hentry"],"_links":{"self":[{"href":"https:\/\/cloudwire.fr\/index.php\/wp-json\/wp\/v2\/pages\/787","targetHints":{"allow":["GET"]}}],"collection":[{"href":"https:\/\/cloudwire.fr\/index.php\/wp-json\/wp\/v2\/pages"}],"about":[{"href":"https:\/\/cloudwire.fr\/index.php\/wp-json\/wp\/v2\/types\/page"}],"author":[{"embeddable":true,"href":"https:\/\/cloudwire.fr\/index.php\/wp-json\/wp\/v2\/users\/1"}],"replies":[{"embeddable":true,"href":"https:\/\/cloudwire.fr\/index.php\/wp-json\/wp\/v2\/comments?post=787"}],"version-history":[{"count":18,"href":"https:\/\/cloudwire.fr\/index.php\/wp-json\/wp\/v2\/pages\/787\/revisions"}],"predecessor-version":[{"id":947,"href":"https:\/\/cloudwire.fr\/index.php\/wp-json\/wp\/v2\/pages\/787\/revisions\/947"}],"up":[{"embeddable":true,"href":"https:\/\/cloudwire.fr\/index.php\/wp-json\/wp\/v2\/pages\/32"}],"wp:attachment":[{"href":"https:\/\/cloudwire.fr\/index.php\/wp-json\/wp\/v2\/media?parent=787"}],"curies":[{"name":"wp","href":"https:\/\/api.w.org\/{rel}","templated":true}]}}